{"id":61,"date":"2017-03-24T03:40:51","date_gmt":"2017-03-24T03:40:51","guid":{"rendered":"http:\/\/demo.themeton.com\/medical\/?page_id=61"},"modified":"2020-03-05T15:32:14","modified_gmt":"2020-03-05T20:32:14","slug":"sobre-nosotros","status":"publish","type":"page","link":"https:\/\/www.abuelitosmedicalcenter.net\/?page_id=61","title":{"rendered":"Sobre Nosotros"},"content":{"rendered":"<p>[vc_row css=&#8221;.vc_custom_1509351086640{background-position: center !important;background-repeat: no-repeat !important;background-size: cover !important;}&#8221;][vc_column][vc_single_image source=&#8221;featured_image&#8221; img_size=&#8221;1170&#215;450&#8243; alignment=&#8221;center&#8221;][vc_custom_heading text=&#8221;Acerca de Abuelitos Medical Center&#8221; font_container=&#8221;tag:h3|font_size:30px|text_align:center|line_height:1.3em&#8221; use_theme_fonts=&#8221;yes&#8221;][\/vc_column][\/vc_row][vc_row][vc_column][vc_column_text]<\/p>\n<p id=\"yui_3_17_2_1_1583430078317_159\">Abuelitos Medical Center sirve hoy como uno de los proveedores m\u00e9dicos en el sur de la Florida. Abuelitos tiene un enfoque cl\u00ednico completo con m\u00e9dicos y hospitales para asegurar a nuestros miembros un verdadero modelo de atenci\u00f3n integral. Los comprobados resultados cl\u00ednicos de Abuelitos y los servicios de atenci\u00f3n m\u00e9dica impulsados por la compasi\u00f3n garantizan el nivel m\u00e1s alto de satisfacci\u00f3n del paciente disponible en nuestra industria.<\/p>\n<p>Fundada en 2015, Abuelitos dise\u00f1\u00f3 su modelo de prestaci\u00f3n de servicios integrando la gesti\u00f3n de hospitales y la gesti\u00f3n de m\u00e9dicos para proporcionar a la comunidad la red disponible en nuestra industria. Actualmente, Abuelitos cuenta con una instalaci\u00f3n m\u00e9dica estrat\u00e9gicamente posicionada para cubrir a todo el condado Miami-Dade.<\/p>\n<p>Abuelitos Medical Center est\u00e1 comprometido con el cuidado y mejora de la calidad de vida. En reconocimiento a este compromiso, nos esforzamos por brindar asistencia sanitaria integral de alta calidad y amplia en las comunidades a las que servimos.<\/p>\n<p>Reconocemos y afirmamos el valor \u00fanico e intr\u00ednseco de cada uno de nuestros miembros y personal. Tratamos a todos aquellos de los que nos preocupamos con compasi\u00f3n y bondad. Actuamos con absoluta honestidad, integridad y justicia en la forma en que llevamos a cabo nuestros negocios y servicios. Confiamos en nuestro plan de salud, nuestros m\u00e9dicos y nuestros socios del hospital como valiosos miembros de nuestro equipo de atenci\u00f3n m\u00e9dica y nos comprometemos a trabajar con lealtad, respeto y dignidad.[\/vc_column_text][\/vc_column][\/vc_row][vc_row css=&#8221;.vc_custom_1554111041777{padding-top: 30px !important;padding-bottom: 30px !important;}&#8221;][vc_column 0=&#8221;&#8221;][vc_empty_space height=&#8221;30px&#8221; el_class=&#8221;uk-visible@m&#8221;][vc_separator color=&#8221;custom&#8221; accent_color=&#8221;#dfebed&#8221; css=&#8221;.vc_custom_1490624005367{margin-bottom: 65px !important;}&#8221;][vc_custom_heading text=&#8221;Nuestros Servicios&#8221; font_container=&#8221;tag:h2|font_size:30|text_align:center|color:%23171620&#8243; use_theme_fonts=&#8221;yes&#8221; css=&#8221;.vc_custom_1583430245366{padding-bottom: 15px !important;}&#8221;][mungu_service_grid carousel=&#8221;yes&#8221; input_type=&#8221;post&#8221; count=&#8221;10&#8243;][\/vc_column][\/vc_row]<\/p>\n","protected":false},"excerpt":{"rendered":"<p>[vc_row css=&#8221;.vc_custom_1509351086640{background-position: center !important;background-repeat: no-repeat !important;background-size: cover !important;}&#8221;][vc_column][vc_single_image source=&#8221;featured_image&#8221; img_size=&#8221;1170&#215;450&#8243; alignment=&#8221;center&#8221;][vc_custom_heading text=&#8221;Acerca de Abuelitos Medical Center&#8221; font_container=&#8221;tag:h3|font_size:30px|text_align:center|line_height:1.3em&#8221; use_theme_fonts=&#8221;yes&#8221;][\/vc_column][\/vc_row][vc_row][vc_column][vc_column_text] Abuelitos Medical Center sirve hoy como uno de los proveedores m\u00e9dicos en el sur de la Florida. Abuelitos tiene un enfoque cl\u00ednico &#8230;<\/p>\n","protected":false},"author":1,"featured_media":1764,"parent":502,"menu_order":0,"comment_status":"closed","ping_status":"closed","template":"","meta":{"om_disable_all_campaigns":false,"_mi_skip_tracking":false,"_monsterinsights_sitenote_active":false,"_monsterinsights_sitenote_note":"","_monsterinsights_sitenote_category":0,"footnotes":""},"_links":{"self":[{"href":"https:\/\/www.abuelitosmedicalcenter.net\/index.php?rest_route=\/wp\/v2\/pages\/61"}],"collection":[{"href":"https:\/\/www.abuelitosmedicalcenter.net\/index.php?rest_route=\/wp\/v2\/pages"}],"about":[{"href":"https:\/\/www.abuelitosmedicalcenter.net\/index.php?rest_route=\/wp\/v2\/types\/page"}],"author":[{"embeddable":true,"href":"https:\/\/www.abuelitosmedicalcenter.net\/index.php?rest_route=\/wp\/v2\/users\/1"}],"replies":[{"embeddable":true,"href":"https:\/\/www.abuelitosmedicalcenter.net\/index.php?rest_route=%2Fwp%2Fv2%2Fcomments&post=61"}],"version-history":[{"count":7,"href":"https:\/\/www.abuelitosmedicalcenter.net\/index.php?rest_route=\/wp\/v2\/pages\/61\/revisions"}],"predecessor-version":[{"id":1765,"href":"https:\/\/www.abuelitosmedicalcenter.net\/index.php?rest_route=\/wp\/v2\/pages\/61\/revisions\/1765"}],"up":[{"embeddable":true,"href":"https:\/\/www.abuelitosmedicalcenter.net\/index.php?rest_route=\/wp\/v2\/pages\/502"}],"wp:featuredmedia":[{"embeddable":true,"href":"https:\/\/www.abuelitosmedicalcenter.net\/index.php?rest_route=\/wp\/v2\/media\/1764"}],"wp:attachment":[{"href":"https:\/\/www.abuelitosmedicalcenter.net\/index.php?rest_route=%2Fwp%2Fv2%2Fmedia&parent=61"}],"curies":[{"name":"wp","href":"https:\/\/api.w.org\/{rel}","templated":true}]}}